{"id":739,"date":"2021-08-07T19:12:22","date_gmt":"2021-08-07T19:12:22","guid":{"rendered":"https:\/\/www.vemori.com\/?post_type=product&#038;p=739"},"modified":"2025-07-08T11:15:29","modified_gmt":"2025-07-08T17:15:29","slug":"valvulas","status":"publish","type":"product","link":"https:\/\/vemori.com\/en\/tienda\/valvulas\/","title":{"rendered":"Valves"},"content":{"rendered":"<p><span style=\"color: #ff8224;\"><strong>What is it for?<\/strong><\/span><\/p>\n<p>Removable and reusable thermal insulation go the extra mile when it comes to heat tolerance and durability. The inner layer of the blanket can withstand more than 1300 degrees Celsius of direct heat. The blankets are made with high-quality 8-pound density ceramic insulation material and are covered with a silicone, Teflon, or aluminum-based outer layer. Our blankets feature an inner layer of woven wire mesh that separates the insulation material from the turbocharger housing, greatly increasing durability and reducing breakdowns.<\/p>\n<p>Installing a blanket will reduce 80% to 90% of the direct heat emitted by the flanges. At the same time, the insulation also protects against possible spills.<\/p>\n<p><span style=\"color: #ff8224;\"><strong>Applications<\/strong><\/span><\/p>\n<ol>\n<li><span class=\"OYPEnA text-decoration-none text-strikethrough-none\">Chemical Industry: Temperature control in chemical processes.<\/span><\/li>\n<li><span class=\"OYPEnA text-decoration-none text-strikethrough-none\">Oil and Gas: Prevention of solidification in pipelines.<\/span><\/li>\n<li><span class=\"OYPEnA text-decoration-none text-strikethrough-none\">Energy Generation: Maximization of energy efficiency.<\/span><\/li>\n<li><span class=\"OYPEnA text-decoration-none text-strikethrough-none\">Food Industry: Temperature maintenance in food processes.<\/span><\/li>\n<li><span class=\"OYPEnA text-decoration-none text-strikethrough-none\">Pharmaceutical Industry: Stability of pharmaceutical products.<\/span><\/li>\n<li><span class=\"OYPEnA text-decoration-none text-strikethrough-none\">Paper and Pulp Industry: Pulp drying and manufacturing.<\/span><\/li>\n<li><span class=\"OYPEnA text-decoration-none text-strikethrough-none\">Metallurgical Industry: Foundry and rolling.<\/span><\/li>\n<li><span class=\"OYPEnA text-decoration-none text-strikethrough-none\">Water Treatment Plants: Water treatment processes.<\/span><\/li>\n<li><span class=\"OYPEnA text-decoration-none text-strikethrough-none\">Glass Industry: Glass melting furnaces.<\/span><\/li>\n<li><span class=\"OYPEnA text-decoration-none text-strikethrough-none\">Construction Industry: Energy efficiency in air conditioning.<\/span><\/li>\n<li><span class=\"OYPEnA text-decoration-none text-strikethrough-none\">Plastics Processing: Temperature control in extrusion and molding.<\/span><\/li>\n<\/ol>\n<h1><strong>Start quoting here, we will contact you in a few minutes:<\/strong><\/h1>\n\n<div class=\"wpcf7 no-js\" id=\"wpcf7-f646-o1\" lang=\"es-ES\" dir=\"ltr\" data-wpcf7-id=\"646\">\n<div class=\"screen-reader-response\"><p role=\"status\" aria-live=\"polite\" aria-atomic=\"true\"><\/p> <ul><\/ul><\/div>\n<form action=\"\/en\/wp-json\/wp\/v2\/product\/739#wpcf7-f646-o1\" method=\"post\" class=\"wpcf7-form init\" aria-label=\"Formulario de contacto\" novalidate=\"novalidate\" data-status=\"init\" data-trp-original-action=\"\/en\/wp-json\/wp\/v2\/product\/739#wpcf7-f646-o1\">\n<div style=\"display: none;\">\n<input type=\"hidden\" name=\"_wpcf7\" value=\"646\" \/>\n<input type=\"hidden\" name=\"_wpcf7_version\" value=\"6.0.6\" \/>\n<input type=\"hidden\" name=\"_wpcf7_locale\" value=\"es_ES\" \/>\n<input type=\"hidden\" name=\"_wpcf7_unit_tag\" value=\"wpcf7-f646-o1\" \/>\n<input type=\"hidden\" name=\"_wpcf7_container_post\" value=\"0\" \/>\n<input type=\"hidden\" name=\"_wpcf7_posted_data_hash\" value=\"\" \/>\n<\/div>\n<p><label> Your name<br \/>\n<span class=\"wpcf7-form-control-wrap\" data-name=\"your-name\"><input size=\"40\" maxlength=\"400\" class=\"wpcf7-form-control wpcf7-text wpcf7-validates-as-required\" aria-required=\"true\" aria-invalid=\"false\" value=\"\" type=\"text\" name=\"your-name\" \/><\/span> <\/label>\n<\/p>\n<p><label> Your e-mail address<br \/>\n<span class=\"wpcf7-form-control-wrap\" data-name=\"your-email\"><input size=\"40\" maxlength=\"400\" class=\"wpcf7-form-control wpcf7-email wpcf7-validates-as-required wpcf7-text wpcf7-validates-as-email\" aria-required=\"true\" aria-invalid=\"false\" value=\"\" type=\"email\" name=\"your-email\" \/><\/span> <\/label>\n<\/p>\n<p><label> Company Name<br \/>\n<span class=\"wpcf7-form-control-wrap\" data-name=\"your-subject\"><input size=\"40\" maxlength=\"400\" class=\"wpcf7-form-control wpcf7-text wpcf7-validates-as-required\" aria-required=\"true\" aria-invalid=\"false\" value=\"\" type=\"text\" name=\"your-subject\" \/><\/span> <\/label>\n<\/p>\n<p><label>Phone number<br \/>\n<span class=\"wpcf7-form-control-wrap\" data-name=\"NmeroTelfono\"><input size=\"40\" maxlength=\"400\" class=\"wpcf7-form-control wpcf7-tel wpcf7-validates-as-required wpcf7-text wpcf7-validates-as-tel\" aria-required=\"true\" aria-invalid=\"false\" value=\"\" type=\"tel\" name=\"NmeroTelfono\" \/><\/span><\/label>\n<\/p>\n<p><label> Requested amount<br \/>\n<span class=\"wpcf7-form-control-wrap\" data-name=\"number-882\"><input class=\"wpcf7-form-control wpcf7-number wpcf7-validates-as-required wpcf7-validates-as-number\" min=\"1\" aria-required=\"true\" aria-invalid=\"false\" value=\"\" type=\"number\" name=\"number-882\" \/><\/span><\/label>\n<\/p>\n<p><label> Your message (optional)<br \/>\n<span class=\"wpcf7-form-control-wrap\" data-name=\"your-message\"><textarea cols=\"40\" rows=\"10\" maxlength=\"2000\" class=\"wpcf7-form-control wpcf7-textarea\" aria-invalid=\"false\" name=\"your-message\"><\/textarea><\/span> <\/label>\n<\/p>\n<p><input class=\"wpcf7-form-control wpcf7-submit has-spinner\" type=\"submit\" value=\"Quote\" \/>\n<\/p><p style=\"display: none !important;\" class=\"akismet-fields-container\" data-prefix=\"_wpcf7_ak_\"><label>&#916;<textarea name=\"_wpcf7_ak_hp_textarea\" cols=\"45\" rows=\"8\" maxlength=\"100\"><\/textarea><\/label><input type=\"hidden\" id=\"ak_js_1\" name=\"_wpcf7_ak_js\" value=\"75\"\/><script>document.getElementById( \"ak_js_1\" ).setAttribute( \"value\", ( new Date() ).getTime() );<\/script><\/p><div class=\"wpcf7-response-output\" aria-hidden=\"true\"><\/div>\n<input type=\"hidden\" name=\"trp-form-language\" value=\"en\"\/><\/form>\n<\/div>","protected":false},"excerpt":{"rendered":"<p>Removable &amp; removable thermal insulation for Valves resistant up to 800 degrees Celsius.<\/p>","protected":false},"featured_media":2753,"template":"","meta":{"om_disable_all_campaigns":false,"_monsterinsights_skip_tracking":false,"_monsterinsights_sitenote_active":false,"_monsterinsights_sitenote_note":"","_monsterinsights_sitenote_category":0,"_uf_show_specific_survey":0,"_uf_disable_surveys":false,"ocean_post_layout":"","ocean_both_sidebars_style":"","ocean_both_sidebars_content_width":0,"ocean_both_sidebars_sidebars_width":0,"ocean_sidebar":"0","ocean_second_sidebar":"0","ocean_disable_margins":"enable","ocean_add_body_class":"","ocean_shortcode_before_top_bar":"","ocean_shortcode_after_top_bar":"","ocean_shortcode_before_header":"","ocean_shortcode_after_header":"","ocean_has_shortcode":"","ocean_shortcode_after_title":"","ocean_shortcode_before_footer_widgets":"","ocean_shortcode_after_footer_widgets":"","ocean_shortcode_before_footer_bottom":"","ocean_shortcode_after_footer_bottom":"","ocean_display_top_bar":"default","ocean_display_header":"default","ocean_header_style":"","ocean_center_header_left_menu":"0","ocean_custom_header_template":"0","ocean_custom_logo":0,"ocean_custom_retina_logo":0,"ocean_custom_logo_max_width":0,"ocean_custom_logo_tablet_max_width":0,"ocean_custom_logo_mobile_max_width":0,"ocean_custom_logo_max_height":0,"ocean_custom_logo_tablet_max_height":0,"ocean_custom_logo_mobile_max_height":0,"ocean_header_custom_menu":"0","ocean_menu_typo_font_family":"0","ocean_menu_typo_font_subset":"","ocean_menu_typo_font_size":0,"ocean_menu_typo_font_size_tablet":0,"ocean_menu_typo_font_size_mobile":0,"ocean_menu_typo_font_size_unit":"px","ocean_menu_typo_font_weight":"","ocean_menu_typo_font_weight_tablet":"","ocean_menu_typo_font_weight_mobile":"","ocean_menu_typo_transform":"","ocean_menu_typo_transform_tablet":"","ocean_menu_typo_transform_mobile":"","ocean_menu_typo_line_height":0,"ocean_menu_typo_line_height_tablet":0,"ocean_menu_typo_line_height_mobile":0,"ocean_menu_typo_line_height_unit":"","ocean_menu_typo_spacing":0,"ocean_menu_typo_spacing_tablet":0,"ocean_menu_typo_spacing_mobile":0,"ocean_menu_typo_spacing_unit":"","ocean_menu_link_color":"","ocean_menu_link_color_hover":"","ocean_menu_link_color_active":"","ocean_menu_link_background":"","ocean_menu_link_hover_background":"","ocean_menu_link_active_background":"","ocean_menu_social_links_bg":"","ocean_menu_social_hover_links_bg":"","ocean_menu_social_links_color":"","ocean_menu_social_hover_links_color":"","ocean_disable_title":"default","ocean_disable_heading":"default","ocean_post_title":"","ocean_post_subheading":"","ocean_post_title_style":"","ocean_post_title_background_color":"","ocean_post_title_background":0,"ocean_post_title_bg_image_position":"","ocean_post_title_bg_image_attachment":"","ocean_post_title_bg_image_repeat":"","ocean_post_title_bg_image_size":"","ocean_post_title_height":0,"ocean_post_title_bg_overlay":0.5,"ocean_post_title_bg_overlay_color":"","ocean_disable_breadcrumbs":"default","ocean_breadcrumbs_color":"","ocean_breadcrumbs_separator_color":"","ocean_breadcrumbs_links_color":"","ocean_breadcrumbs_links_hover_color":"","ocean_display_footer_widgets":"default","ocean_display_footer_bottom":"default","ocean_custom_footer_template":"0","_joinchat":[]},"product_brand":[],"product_cat":[50],"product_tag":[],"class_list":{"0":"post-739","1":"product","2":"type-product","3":"status-publish","4":"has-post-thumbnail","6":"product_cat-aislamiento-desmontable-para-altas-temperaturas","8":"entry","9":"has-media","11":"first","12":"instock","13":"shipping-taxable","14":"product-type-simple","15":"has-product-nav","16":"col","17":"span_1_of_3","18":"owp-content-center","19":"owp-thumbs-layout-horizontal","20":"owp-btn-normal","21":"owp-tabs-layout-horizontal"},"yoast_head":"<!-- This site is optimized with the Yoast SEO plugin v25.3 - https:\/\/yoast.com\/wordpress\/plugins\/seo\/ -->\n<title>V\u00e1lvulas - Vemori Aislamientos<\/title>\n<meta name=\"robots\" content=\"index, follow, max-snippet:-1, max-image-preview:large, max-video-preview:-1\" \/>\n<link rel=\"canonical\" href=\"https:\/\/vemori.com\/en\/tienda\/valvulas\/\" \/>\n<meta property=\"og:locale\" content=\"en_US\" \/>\n<meta property=\"og:type\" content=\"article\" \/>\n<meta property=\"og:title\" content=\"V\u00e1lvulas - Vemori Aislamientos\" \/>\n<meta property=\"og:description\" content=\"Aislamiento t\u00e9rmico desmontable &amp; removible para V\u00e1lvulas resistente hasta 800 grados cent\u00edgrados.\" \/>\n<meta property=\"og:url\" content=\"https:\/\/vemori.com\/en\/tienda\/valvulas\/\" \/>\n<meta property=\"og:site_name\" content=\"Vemori Aislamientos\" \/>\n<meta property=\"article:modified_time\" content=\"2025-07-08T17:15:29+00:00\" \/>\n<meta property=\"og:image\" content=\"https:\/\/vemori.com\/\/wp-content\/uploads\/2021\/08\/24.png\" \/>\n\t<meta property=\"og:image:width\" content=\"1080\" \/>\n\t<meta property=\"og:image:height\" content=\"1080\" \/>\n\t<meta property=\"og:image:type\" content=\"image\/png\" \/>\n<meta name=\"twitter:card\" content=\"summary_large_image\" \/>\n<meta name=\"twitter:label1\" content=\"Est. reading time\" \/>\n\t<meta name=\"twitter:data1\" content=\"2 minutes\" \/>\n<script type=\"application\/ld+json\" class=\"yoast-schema-graph\">{\"@context\":\"https:\/\/schema.org\",\"@graph\":[{\"@type\":\"WebPage\",\"@id\":\"https:\/\/vemori.com\/tienda\/valvulas\/\",\"url\":\"https:\/\/vemori.com\/tienda\/valvulas\/\",\"name\":\"V\u00e1lvulas - Vemori Aislamientos\",\"isPartOf\":{\"@id\":\"https:\/\/vemori.com\/#website\"},\"primaryImageOfPage\":{\"@id\":\"https:\/\/vemori.com\/tienda\/valvulas\/#primaryimage\"},\"image\":{\"@id\":\"https:\/\/vemori.com\/tienda\/valvulas\/#primaryimage\"},\"thumbnailUrl\":\"https:\/\/vemori.com\/\/wp-content\/uploads\/2021\/08\/24.png\",\"datePublished\":\"2021-08-07T19:12:22+00:00\",\"dateModified\":\"2025-07-08T17:15:29+00:00\",\"breadcrumb\":{\"@id\":\"https:\/\/vemori.com\/tienda\/valvulas\/#breadcrumb\"},\"inLanguage\":\"en-US\",\"potentialAction\":[{\"@type\":\"ReadAction\",\"target\":[\"https:\/\/vemori.com\/tienda\/valvulas\/\"]}]},{\"@type\":\"ImageObject\",\"inLanguage\":\"en-US\",\"@id\":\"https:\/\/vemori.com\/tienda\/valvulas\/#primaryimage\",\"url\":\"https:\/\/vemori.com\/\/wp-content\/uploads\/2021\/08\/24.png\",\"contentUrl\":\"https:\/\/vemori.com\/\/wp-content\/uploads\/2021\/08\/24.png\",\"width\":1080,\"height\":1080,\"caption\":\"AISLAMIENTO EN VALVULAS\"},{\"@type\":\"BreadcrumbList\",\"@id\":\"https:\/\/vemori.com\/tienda\/valvulas\/#breadcrumb\",\"itemListElement\":[{\"@type\":\"ListItem\",\"position\":1,\"name\":\"Portada\",\"item\":\"https:\/\/vemori.com\/\"},{\"@type\":\"ListItem\",\"position\":2,\"name\":\"Tienda\",\"item\":\"https:\/\/vemori.com\/tienda\/\"},{\"@type\":\"ListItem\",\"position\":3,\"name\":\"V\u00e1lvulas\"}]},{\"@type\":\"WebSite\",\"@id\":\"https:\/\/vemori.com\/#website\",\"url\":\"https:\/\/vemori.com\/\",\"name\":\"Vemori Aislamientos\",\"description\":\"Especialistas en Aislamientos\",\"publisher\":{\"@id\":\"https:\/\/vemori.com\/#organization\"},\"potentialAction\":[{\"@type\":\"SearchAction\",\"target\":{\"@type\":\"EntryPoint\",\"urlTemplate\":\"https:\/\/vemori.com\/?s={search_term_string}\"},\"query-input\":{\"@type\":\"PropertyValueSpecification\",\"valueRequired\":true,\"valueName\":\"search_term_string\"}}],\"inLanguage\":\"en-US\"},{\"@type\":\"Organization\",\"@id\":\"https:\/\/vemori.com\/#organization\",\"name\":\"Vemori Aislamientos\",\"url\":\"https:\/\/vemori.com\/\",\"logo\":{\"@type\":\"ImageObject\",\"inLanguage\":\"en-US\",\"@id\":\"https:\/\/vemori.com\/#\/schema\/logo\/image\/\",\"url\":\"https:\/\/vemori.com\/\/wp-content\/uploads\/2023\/06\/logo_vemori-color.png\",\"contentUrl\":\"https:\/\/vemori.com\/\/wp-content\/uploads\/2023\/06\/logo_vemori-color.png\",\"width\":834,\"height\":244,\"caption\":\"Vemori Aislamientos\"},\"image\":{\"@id\":\"https:\/\/vemori.com\/#\/schema\/logo\/image\/\"}}]}<\/script>\n<!-- \/ Yoast SEO plugin. -->","yoast_head_json":{"title":"V\u00e1lvulas - Vemori Aislamientos","robots":{"index":"index","follow":"follow","max-snippet":"max-snippet:-1","max-image-preview":"max-image-preview:large","max-video-preview":"max-video-preview:-1"},"canonical":"https:\/\/vemori.com\/en\/tienda\/valvulas\/","og_locale":"en_US","og_type":"article","og_title":"V\u00e1lvulas - Vemori Aislamientos","og_description":"Aislamiento t\u00e9rmico desmontable &amp; removible para V\u00e1lvulas resistente hasta 800 grados cent\u00edgrados.","og_url":"https:\/\/vemori.com\/en\/tienda\/valvulas\/","og_site_name":"Vemori Aislamientos","article_modified_time":"2025-07-08T17:15:29+00:00","og_image":[{"width":1080,"height":1080,"url":"https:\/\/vemori.com\/\/wp-content\/uploads\/2021\/08\/24.png","type":"image\/png"}],"twitter_card":"summary_large_image","twitter_misc":{"Est. reading time":"2 minutes"},"schema":{"@context":"https:\/\/schema.org","@graph":[{"@type":"WebPage","@id":"https:\/\/vemori.com\/tienda\/valvulas\/","url":"https:\/\/vemori.com\/tienda\/valvulas\/","name":"V\u00e1lvulas - Vemori Aislamientos","isPartOf":{"@id":"https:\/\/vemori.com\/#website"},"primaryImageOfPage":{"@id":"https:\/\/vemori.com\/tienda\/valvulas\/#primaryimage"},"image":{"@id":"https:\/\/vemori.com\/tienda\/valvulas\/#primaryimage"},"thumbnailUrl":"https:\/\/vemori.com\/\/wp-content\/uploads\/2021\/08\/24.png","datePublished":"2021-08-07T19:12:22+00:00","dateModified":"2025-07-08T17:15:29+00:00","breadcrumb":{"@id":"https:\/\/vemori.com\/tienda\/valvulas\/#breadcrumb"},"inLanguage":"en-US","potentialAction":[{"@type":"ReadAction","target":["https:\/\/vemori.com\/tienda\/valvulas\/"]}]},{"@type":"ImageObject","inLanguage":"en-US","@id":"https:\/\/vemori.com\/tienda\/valvulas\/#primaryimage","url":"https:\/\/vemori.com\/\/wp-content\/uploads\/2021\/08\/24.png","contentUrl":"https:\/\/vemori.com\/\/wp-content\/uploads\/2021\/08\/24.png","width":1080,"height":1080,"caption":"AISLAMIENTO EN VALVULAS"},{"@type":"BreadcrumbList","@id":"https:\/\/vemori.com\/tienda\/valvulas\/#breadcrumb","itemListElement":[{"@type":"ListItem","position":1,"name":"Portada","item":"https:\/\/vemori.com\/"},{"@type":"ListItem","position":2,"name":"Tienda","item":"https:\/\/vemori.com\/tienda\/"},{"@type":"ListItem","position":3,"name":"V\u00e1lvulas"}]},{"@type":"WebSite","@id":"https:\/\/vemori.com\/#website","url":"https:\/\/vemori.com\/","name":"Vemori Aislamientos","description":"Especialistas en Aislamientos","publisher":{"@id":"https:\/\/vemori.com\/#organization"},"potentialAction":[{"@type":"SearchAction","target":{"@type":"EntryPoint","urlTemplate":"https:\/\/vemori.com\/?s={search_term_string}"},"query-input":{"@type":"PropertyValueSpecification","valueRequired":true,"valueName":"search_term_string"}}],"inLanguage":"en-US"},{"@type":"Organization","@id":"https:\/\/vemori.com\/#organization","name":"Vemori Aislamientos","url":"https:\/\/vemori.com\/","logo":{"@type":"ImageObject","inLanguage":"en-US","@id":"https:\/\/vemori.com\/#\/schema\/logo\/image\/","url":"https:\/\/vemori.com\/\/wp-content\/uploads\/2023\/06\/logo_vemori-color.png","contentUrl":"https:\/\/vemori.com\/\/wp-content\/uploads\/2023\/06\/logo_vemori-color.png","width":834,"height":244,"caption":"Vemori Aislamientos"},"image":{"@id":"https:\/\/vemori.com\/#\/schema\/logo\/image\/"}}]}},"aioseo_notices":[],"_links":{"self":[{"href":"https:\/\/vemori.com\/en\/wp-json\/wp\/v2\/product\/739","targetHints":{"allow":["GET"]}}],"collection":[{"href":"https:\/\/vemori.com\/en\/wp-json\/wp\/v2\/product"}],"about":[{"href":"https:\/\/vemori.com\/en\/wp-json\/wp\/v2\/types\/product"}],"wp:featuredmedia":[{"embeddable":true,"href":"https:\/\/vemori.com\/en\/wp-json\/wp\/v2\/media\/2753"}],"wp:attachment":[{"href":"https:\/\/vemori.com\/en\/wp-json\/wp\/v2\/media?parent=739"}],"wp:term":[{"taxonomy":"product_brand","embeddable":true,"href":"https:\/\/vemori.com\/en\/wp-json\/wp\/v2\/product_brand?post=739"},{"taxonomy":"product_cat","embeddable":true,"href":"https:\/\/vemori.com\/en\/wp-json\/wp\/v2\/product_cat?post=739"},{"taxonomy":"product_tag","embeddable":true,"href":"https:\/\/vemori.com\/en\/wp-json\/wp\/v2\/product_tag?post=739"}],"curies":[{"name":"wp","href":"https:\/\/api.w.org\/{rel}","templated":true}]}}