{"id":715,"date":"2021-07-14T20:54:31","date_gmt":"2021-07-14T20:54:31","guid":{"rendered":"https:\/\/www.vemori.com\/?post_type=product&#038;p=715"},"modified":"2025-07-08T12:55:36","modified_gmt":"2025-07-08T18:55:36","slug":"escapes","status":"publish","type":"product","link":"https:\/\/vemori.com\/en\/tienda\/escapes\/","title":{"rendered":"Exhausts"},"content":{"rendered":"<p><span style=\"font-weight: 400;\">\u00abOur removable thermal insulation solution for exhaust systems in diesel engines offers a palpable increase in the operational efficiency and performance of your equipment. Experience notable fuel savings and significant emissions reductions with our high-density ceramic fiber thermo-acoustic insulation. This innovative material is encapsulated in different types of reinforced fiberglass fabrics, and also has an internal side protected by stainless steel mesh, allowing you to insulate temperatures of up to 800\u00b0C. All backed by our dedication to innovation and quality, transform your diesel engines into powerful and eco-friendly assets. Discover the effectiveness of an adaptable and highly efficient product to enhance your operation.\"<\/span><\/p>\n<p>&nbsp;<\/p>\n<div class=\"page\" title=\"Page 1\">\n<div class=\"section\">\n<div class=\"layoutArea\">\n<div class=\"column\">\n<div class=\"page\" title=\"Page 1\">\n<div class=\"section\">\n<div class=\"layoutArea\">\n<div class=\"column\">\n<div class=\"page\" title=\"Page 1\">\n<div class=\"section\">\n<div class=\"layoutArea\">\n<div class=\"column\">\n<div class=\"page\" title=\"Page 1\">\n<div class=\"section\">\n<div class=\"layoutArea\">\n<div class=\"column\">\n<h3 style=\"text-align: left;\"><strong><span style=\"color: #ff9900;\">Removable Thermal Insulation for Exhaust Systems in Diesel Engines: Optimize the Performance of your Machines<\/span><\/strong><\/h3>\n<p><span style=\"font-weight: 400;\">Are you looking to maximize the efficiency and performance of your diesel engines while contributing to energy savings and improving the work environment? The answer is within your reach! Our removable thermal insulation for diesel engine exhaust systems not only provides exceptional protection, but also enhances the optimal performance of your equipment.<\/span><\/p>\n<p>&nbsp;<\/p>\n<h4><strong><span style=\"color: #ff9900;\">Key Advantages of Removable Thermal Insulation in Exhaust Systems:<\/span><\/strong><\/h4>\n<ol>\n<li><span style=\"font-weight: 400;\">Cutting-edge Energy Efficiency<\/span><\/li>\n<\/ol>\n<p>Our premium thermal insulation retains heat in the exhaust system, allowing the exhaust gases to maintain an ideal temperature. This results in a more efficient diesel engine and enviable performance.<\/p>\n<ol start=\"2\">\n<li><span style=\"font-weight: 400;\"> Smart Fuel Saving<\/span><\/li>\n<\/ol>\n<p><span style=\"font-weight: 400;\">The improvement in engine efficiency, thanks to our thermal insulation, translates into more effective fuel consumption. Get more hours of operation with each tank of fuel!<\/span><\/p>\n<ol start=\"3\">\n<li><span style=\"font-weight: 400;\"> Responsible Emissions Reduction<\/span><\/li>\n<\/ol>\n<p><span style=\"font-weight: 400;\">By controlling exhaust temperatures, the combustion of gases becomes more complete and efficient. This not only optimizes fuel consumption, but also reduces harmful emissions.<\/span><\/p>\n<ol start=\"4\">\n<li><span style=\"font-weight: 400;\"> Quiet Work Environment<\/span><\/li>\n<\/ol>\n<p><span style=\"font-weight: 400;\">Our thermal insulation acts as an efficient noise absorber, decreasing exhaust sound and providing a quieter, more comfortable work environment.<\/span><\/p>\n<ol start=\"5\">\n<li><span style=\"font-weight: 400;\"> Lasting Protection<\/span><\/li>\n<\/ol>\n<p><span style=\"font-weight: 400;\">Maintaining lower temperatures in the exhaust system prolongs the life of nearby components, from cables to hoses to engine elements.<\/span><\/p>\n<ol start=\"6\">\n<li><span style=\"font-weight: 400;\"> Safe and Reliable Work<\/span><\/li>\n<\/ol>\n<p><span style=\"font-weight: 400;\">By minimizing elevated temperatures in the exhaust system, our thermal insulation promotes a safer space around your diesel machines.<\/span><\/p>\n<h4><strong><span style=\"color: #ff9900;\">Customization and Regulatory Compliance<\/span><\/strong><\/h4>\n<p><span style=\"font-weight: 400;\">In addition to all these benefits, our thermal insulation is highly customizable to fit different exhaust systems on diesel machines. Compliance with environmental and safety regulations is a fundamental commitment for us and for your operations.<\/span><\/p>\n<p><span style=\"font-weight: 400;\">Discover how your diesel engines can experience a leap in efficiency, performance and protection with our removable thermal insulation for exhaust systems.<\/span><\/p>\n<p><span style=\"font-weight: 400;\"> Contact us to learn more and take the first step towards a smarter, more sustainable operation!<\/span><\/p>\n<\/div>\n<h4><strong><span style=\"color: #ff9900;\">Applications<\/span><\/strong><\/h4>\n<ol>\n<li><span class=\"OYPEnA text-decoration-none text-strikethrough-none\">Motor Vehicles.<\/span><\/li>\n<li><span class=\"OYPEnA text-decoration-none text-strikethrough-none\">Construction Machinery.<\/span><\/li>\n<li><span class=\"OYPEnA text-decoration-none text-strikethrough-none\">Construction Machinery.<\/span><\/li>\n<li><span class=\"OYPEnA text-decoration-none text-strikethrough-none\">Industrial machinery.<\/span><\/li>\n<li><span class=\"OYPEnA text-decoration-none text-strikethrough-none\">Generators and Power Plants.<\/span><\/li>\n<li><span class=\"OYPEnA text-decoration-none text-strikethrough-none\">Boats and Vessels.<\/span><\/li>\n<li><span class=\"OYPEnA text-decoration-none text-strikethrough-none\">Steam Generation Equipment.<\/span><\/li>\n<li><span class=\"OYPEnA text-decoration-none text-strikethrough-none\">Industrial Processing Equipment.<\/span><\/li>\n<li><span class=\"OYPEnA text-decoration-none text-strikethrough-none\">Recreational Vehicles.<\/span><\/li>\n<li><span class=\"OYPEnA text-decoration-none text-strikethrough-none\">Aerospace industry.<\/span><\/li>\n<\/ol>\n<\/div>\n<\/div>\n<\/div>\n<\/div>\n<\/div>\n<\/div>\n<\/div>\n<\/div>\n<\/div>\n<\/div>\n<\/div>\n<\/div>\n<\/div>\n<\/div>\n<\/div>\n<h1><strong>Start quoting here, we will contact you in a few minutes:<\/strong><\/h1>\n\n<div class=\"wpcf7 no-js\" id=\"wpcf7-f646-o1\" lang=\"es-ES\" dir=\"ltr\" data-wpcf7-id=\"646\">\n<div class=\"screen-reader-response\"><p role=\"status\" aria-live=\"polite\" aria-atomic=\"true\"><\/p> <ul><\/ul><\/div>\n<form action=\"\/en\/wp-json\/wp\/v2\/product\/715#wpcf7-f646-o1\" method=\"post\" class=\"wpcf7-form init\" aria-label=\"Formulario de contacto\" novalidate=\"novalidate\" data-status=\"init\" data-trp-original-action=\"\/en\/wp-json\/wp\/v2\/product\/715#wpcf7-f646-o1\">\n<div style=\"display: none;\">\n<input type=\"hidden\" name=\"_wpcf7\" value=\"646\" \/>\n<input type=\"hidden\" name=\"_wpcf7_version\" value=\"6.0.6\" \/>\n<input type=\"hidden\" name=\"_wpcf7_locale\" value=\"es_ES\" \/>\n<input type=\"hidden\" name=\"_wpcf7_unit_tag\" value=\"wpcf7-f646-o1\" \/>\n<input type=\"hidden\" name=\"_wpcf7_container_post\" value=\"0\" \/>\n<input type=\"hidden\" name=\"_wpcf7_posted_data_hash\" value=\"\" \/>\n<\/div>\n<p><label> Your name<br \/>\n<span class=\"wpcf7-form-control-wrap\" data-name=\"your-name\"><input size=\"40\" maxlength=\"400\" class=\"wpcf7-form-control wpcf7-text wpcf7-validates-as-required\" aria-required=\"true\" aria-invalid=\"false\" value=\"\" type=\"text\" name=\"your-name\" \/><\/span> <\/label>\n<\/p>\n<p><label> Your e-mail address<br \/>\n<span class=\"wpcf7-form-control-wrap\" data-name=\"your-email\"><input size=\"40\" maxlength=\"400\" class=\"wpcf7-form-control wpcf7-email wpcf7-validates-as-required wpcf7-text wpcf7-validates-as-email\" aria-required=\"true\" aria-invalid=\"false\" value=\"\" type=\"email\" name=\"your-email\" \/><\/span> <\/label>\n<\/p>\n<p><label> Company Name<br \/>\n<span class=\"wpcf7-form-control-wrap\" data-name=\"your-subject\"><input size=\"40\" maxlength=\"400\" class=\"wpcf7-form-control wpcf7-text wpcf7-validates-as-required\" aria-required=\"true\" aria-invalid=\"false\" value=\"\" type=\"text\" name=\"your-subject\" \/><\/span> <\/label>\n<\/p>\n<p><label>Phone number<br \/>\n<span class=\"wpcf7-form-control-wrap\" data-name=\"NmeroTelfono\"><input size=\"40\" maxlength=\"400\" class=\"wpcf7-form-control wpcf7-tel wpcf7-validates-as-required wpcf7-text wpcf7-validates-as-tel\" aria-required=\"true\" aria-invalid=\"false\" value=\"\" type=\"tel\" name=\"NmeroTelfono\" \/><\/span><\/label>\n<\/p>\n<p><label> Requested amount<br \/>\n<span class=\"wpcf7-form-control-wrap\" data-name=\"number-882\"><input class=\"wpcf7-form-control wpcf7-number wpcf7-validates-as-required wpcf7-validates-as-number\" min=\"1\" aria-required=\"true\" aria-invalid=\"false\" value=\"\" type=\"number\" name=\"number-882\" \/><\/span><\/label>\n<\/p>\n<p><label> Your message (optional)<br \/>\n<span class=\"wpcf7-form-control-wrap\" data-name=\"your-message\"><textarea cols=\"40\" rows=\"10\" maxlength=\"2000\" class=\"wpcf7-form-control wpcf7-textarea\" aria-invalid=\"false\" name=\"your-message\"><\/textarea><\/span> <\/label>\n<\/p>\n<p><input class=\"wpcf7-form-control wpcf7-submit has-spinner\" type=\"submit\" value=\"Quote\" \/>\n<\/p><p style=\"display: none !important;\" class=\"akismet-fields-container\" data-prefix=\"_wpcf7_ak_\"><label>&#916;<textarea name=\"_wpcf7_ak_hp_textarea\" cols=\"45\" rows=\"8\" maxlength=\"100\"><\/textarea><\/label><input type=\"hidden\" id=\"ak_js_1\" name=\"_wpcf7_ak_js\" value=\"9\"\/><script>document.getElementById( \"ak_js_1\" ).setAttribute( \"value\", ( new Date() ).getTime() );<\/script><\/p><div class=\"wpcf7-response-output\" aria-hidden=\"true\"><\/div>\n<input type=\"hidden\" name=\"trp-form-language\" value=\"en\"\/><\/form>\n<\/div>","protected":false},"excerpt":{"rendered":"<p>\"Optimize the performance of your diesel engines with our removable thermal insulation for exhaust systems: fuel savings, emissions reduction and long-lasting protection in a single product.\"<\/p>","protected":false},"featured_media":2793,"template":"","meta":{"om_disable_all_campaigns":false,"_monsterinsights_skip_tracking":false,"_monsterinsights_sitenote_active":false,"_monsterinsights_sitenote_note":"","_monsterinsights_sitenote_category":0,"_uf_show_specific_survey":0,"_uf_disable_surveys":false,"ocean_post_layout":"","ocean_both_sidebars_style":"","ocean_both_sidebars_content_width":0,"ocean_both_sidebars_sidebars_width":0,"ocean_sidebar":"0","ocean_second_sidebar":"0","ocean_disable_margins":"enable","ocean_add_body_class":"","ocean_shortcode_before_top_bar":"","ocean_shortcode_after_top_bar":"","ocean_shortcode_before_header":"","ocean_shortcode_after_header":"","ocean_has_shortcode":"","ocean_shortcode_after_title":"","ocean_shortcode_before_footer_widgets":"","ocean_shortcode_after_footer_widgets":"","ocean_shortcode_before_footer_bottom":"","ocean_shortcode_after_footer_bottom":"","ocean_display_top_bar":"default","ocean_display_header":"default","ocean_header_style":"","ocean_center_header_left_menu":"0","ocean_custom_header_template":"0","ocean_custom_logo":0,"ocean_custom_retina_logo":0,"ocean_custom_logo_max_width":0,"ocean_custom_logo_tablet_max_width":0,"ocean_custom_logo_mobile_max_width":0,"ocean_custom_logo_max_height":0,"ocean_custom_logo_tablet_max_height":0,"ocean_custom_logo_mobile_max_height":0,"ocean_header_custom_menu":"0","ocean_menu_typo_font_family":"0","ocean_menu_typo_font_subset":"","ocean_menu_typo_font_size":0,"ocean_menu_typo_font_size_tablet":0,"ocean_menu_typo_font_size_mobile":0,"ocean_menu_typo_font_size_unit":"px","ocean_menu_typo_font_weight":"","ocean_menu_typo_font_weight_tablet":"","ocean_menu_typo_font_weight_mobile":"","ocean_menu_typo_transform":"","ocean_menu_typo_transform_tablet":"","ocean_menu_typo_transform_mobile":"","ocean_menu_typo_line_height":0,"ocean_menu_typo_line_height_tablet":0,"ocean_menu_typo_line_height_mobile":0,"ocean_menu_typo_line_height_unit":"","ocean_menu_typo_spacing":0,"ocean_menu_typo_spacing_tablet":0,"ocean_menu_typo_spacing_mobile":0,"ocean_menu_typo_spacing_unit":"","ocean_menu_link_color":"","ocean_menu_link_color_hover":"","ocean_menu_link_color_active":"","ocean_menu_link_background":"","ocean_menu_link_hover_background":"","ocean_menu_link_active_background":"","ocean_menu_social_links_bg":"","ocean_menu_social_hover_links_bg":"","ocean_menu_social_links_color":"","ocean_menu_social_hover_links_color":"","ocean_disable_title":"default","ocean_disable_heading":"default","ocean_post_title":"","ocean_post_subheading":"","ocean_post_title_style":"","ocean_post_title_background_color":"","ocean_post_title_background":0,"ocean_post_title_bg_image_position":"","ocean_post_title_bg_image_attachment":"","ocean_post_title_bg_image_repeat":"","ocean_post_title_bg_image_size":"","ocean_post_title_height":0,"ocean_post_title_bg_overlay":0.5,"ocean_post_title_bg_overlay_color":"","ocean_disable_breadcrumbs":"default","ocean_breadcrumbs_color":"","ocean_breadcrumbs_separator_color":"","ocean_breadcrumbs_links_color":"","ocean_breadcrumbs_links_hover_color":"","ocean_display_footer_widgets":"default","ocean_display_footer_bottom":"default","ocean_custom_footer_template":"0","_joinchat":[]},"product_brand":[],"product_cat":[91,50],"product_tag":[],"class_list":{"0":"post-715","1":"product","2":"type-product","3":"status-publish","4":"has-post-thumbnail","6":"product_cat-aislamiento-termico-naval","7":"product_cat-aislamiento-desmontable-para-altas-temperaturas","9":"entry","10":"has-media","12":"first","13":"instock","14":"shipping-taxable","15":"product-type-simple","16":"has-product-nav","17":"col","18":"span_1_of_3","19":"owp-content-center","20":"owp-thumbs-layout-horizontal","21":"owp-btn-normal","22":"owp-tabs-layout-horizontal"},"yoast_head":"<!-- This site is optimized with the Yoast SEO plugin v25.3 - https:\/\/yoast.com\/wordpress\/plugins\/seo\/ -->\n<title>Escapes - Vemori Aislamientos<\/title>\n<meta name=\"description\" content=\"&quot;Optimiza el rendimiento de tus motores di\u00e9sel con nuestro aislamiento t\u00e9rmico removible para sistemas de escape: ahorro de combustible, reducci\u00f3n de emisiones y protecci\u00f3n duradera en un solo producto.&quot;\" \/>\n<meta name=\"robots\" content=\"index, follow, max-snippet:-1, max-image-preview:large, max-video-preview:-1\" \/>\n<link rel=\"canonical\" href=\"https:\/\/vemori.com\/en\/tienda\/escapes\/\" \/>\n<meta property=\"og:locale\" content=\"en_US\" \/>\n<meta property=\"og:type\" content=\"article\" \/>\n<meta property=\"og:title\" content=\"Escapes - Vemori Aislamientos\" \/>\n<meta property=\"og:description\" content=\"&quot;Optimiza el rendimiento de tus motores di\u00e9sel con nuestro aislamiento t\u00e9rmico removible para sistemas de escape: ahorro de combustible, reducci\u00f3n de emisiones y protecci\u00f3n duradera en un solo producto.&quot;\" \/>\n<meta property=\"og:url\" content=\"https:\/\/vemori.com\/en\/tienda\/escapes\/\" \/>\n<meta property=\"og:site_name\" content=\"Vemori Aislamientos\" \/>\n<meta property=\"article:modified_time\" content=\"2025-07-08T18:55:36+00:00\" \/>\n<meta property=\"og:image\" content=\"https:\/\/vemori.com\/\/wp-content\/uploads\/2021\/07\/56-1.png\" \/>\n\t<meta property=\"og:image:width\" content=\"1080\" \/>\n\t<meta property=\"og:image:height\" content=\"1080\" \/>\n\t<meta property=\"og:image:type\" content=\"image\/png\" \/>\n<meta name=\"twitter:card\" content=\"summary_large_image\" \/>\n<meta name=\"twitter:label1\" content=\"Est. reading time\" \/>\n\t<meta name=\"twitter:data1\" content=\"3 minutes\" \/>\n<script type=\"application\/ld+json\" class=\"yoast-schema-graph\">{\"@context\":\"https:\/\/schema.org\",\"@graph\":[{\"@type\":\"WebPage\",\"@id\":\"https:\/\/vemori.com\/tienda\/escapes\/\",\"url\":\"https:\/\/vemori.com\/tienda\/escapes\/\",\"name\":\"Escapes - Vemori Aislamientos\",\"isPartOf\":{\"@id\":\"https:\/\/vemori.com\/#website\"},\"primaryImageOfPage\":{\"@id\":\"https:\/\/vemori.com\/tienda\/escapes\/#primaryimage\"},\"image\":{\"@id\":\"https:\/\/vemori.com\/tienda\/escapes\/#primaryimage\"},\"thumbnailUrl\":\"https:\/\/vemori.com\/\/wp-content\/uploads\/2021\/07\/56-1.png\",\"datePublished\":\"2021-07-14T20:54:31+00:00\",\"dateModified\":\"2025-07-08T18:55:36+00:00\",\"description\":\"\\\"Optimiza el rendimiento de tus motores di\u00e9sel con nuestro aislamiento t\u00e9rmico removible para sistemas de escape: ahorro de combustible, reducci\u00f3n de emisiones y protecci\u00f3n duradera en un solo producto.\\\"\",\"breadcrumb\":{\"@id\":\"https:\/\/vemori.com\/tienda\/escapes\/#breadcrumb\"},\"inLanguage\":\"en-US\",\"potentialAction\":[{\"@type\":\"ReadAction\",\"target\":[\"https:\/\/vemori.com\/tienda\/escapes\/\"]}]},{\"@type\":\"ImageObject\",\"inLanguage\":\"en-US\",\"@id\":\"https:\/\/vemori.com\/tienda\/escapes\/#primaryimage\",\"url\":\"https:\/\/vemori.com\/\/wp-content\/uploads\/2021\/07\/56-1.png\",\"contentUrl\":\"https:\/\/vemori.com\/\/wp-content\/uploads\/2021\/07\/56-1.png\",\"width\":1080,\"height\":1080,\"caption\":\"aislamiento en escape naval\"},{\"@type\":\"BreadcrumbList\",\"@id\":\"https:\/\/vemori.com\/tienda\/escapes\/#breadcrumb\",\"itemListElement\":[{\"@type\":\"ListItem\",\"position\":1,\"name\":\"Portada\",\"item\":\"https:\/\/vemori.com\/\"},{\"@type\":\"ListItem\",\"position\":2,\"name\":\"Tienda\",\"item\":\"https:\/\/vemori.com\/tienda\/\"},{\"@type\":\"ListItem\",\"position\":3,\"name\":\"Escapes\"}]},{\"@type\":\"WebSite\",\"@id\":\"https:\/\/vemori.com\/#website\",\"url\":\"https:\/\/vemori.com\/\",\"name\":\"Vemori Aislamientos\",\"description\":\"Especialistas en Aislamientos\",\"publisher\":{\"@id\":\"https:\/\/vemori.com\/#organization\"},\"potentialAction\":[{\"@type\":\"SearchAction\",\"target\":{\"@type\":\"EntryPoint\",\"urlTemplate\":\"https:\/\/vemori.com\/?s={search_term_string}\"},\"query-input\":{\"@type\":\"PropertyValueSpecification\",\"valueRequired\":true,\"valueName\":\"search_term_string\"}}],\"inLanguage\":\"en-US\"},{\"@type\":\"Organization\",\"@id\":\"https:\/\/vemori.com\/#organization\",\"name\":\"Vemori Aislamientos\",\"url\":\"https:\/\/vemori.com\/\",\"logo\":{\"@type\":\"ImageObject\",\"inLanguage\":\"en-US\",\"@id\":\"https:\/\/vemori.com\/#\/schema\/logo\/image\/\",\"url\":\"https:\/\/vemori.com\/\/wp-content\/uploads\/2023\/06\/logo_vemori-color.png\",\"contentUrl\":\"https:\/\/vemori.com\/\/wp-content\/uploads\/2023\/06\/logo_vemori-color.png\",\"width\":834,\"height\":244,\"caption\":\"Vemori Aislamientos\"},\"image\":{\"@id\":\"https:\/\/vemori.com\/#\/schema\/logo\/image\/\"}}]}<\/script>\n<!-- \/ Yoast SEO plugin. -->","yoast_head_json":{"title":"Escapes - Vemori Aislamientos","description":"\"Optimiza el rendimiento de tus motores di\u00e9sel con nuestro aislamiento t\u00e9rmico removible para sistemas de escape: ahorro de combustible, reducci\u00f3n de emisiones y protecci\u00f3n duradera en un solo producto.\"","robots":{"index":"index","follow":"follow","max-snippet":"max-snippet:-1","max-image-preview":"max-image-preview:large","max-video-preview":"max-video-preview:-1"},"canonical":"https:\/\/vemori.com\/en\/tienda\/escapes\/","og_locale":"en_US","og_type":"article","og_title":"Escapes - Vemori Aislamientos","og_description":"\"Optimiza el rendimiento de tus motores di\u00e9sel con nuestro aislamiento t\u00e9rmico removible para sistemas de escape: ahorro de combustible, reducci\u00f3n de emisiones y protecci\u00f3n duradera en un solo producto.\"","og_url":"https:\/\/vemori.com\/en\/tienda\/escapes\/","og_site_name":"Vemori Aislamientos","article_modified_time":"2025-07-08T18:55:36+00:00","og_image":[{"width":1080,"height":1080,"url":"https:\/\/vemori.com\/\/wp-content\/uploads\/2021\/07\/56-1.png","type":"image\/png"}],"twitter_card":"summary_large_image","twitter_misc":{"Est. reading time":"3 minutes"},"schema":{"@context":"https:\/\/schema.org","@graph":[{"@type":"WebPage","@id":"https:\/\/vemori.com\/tienda\/escapes\/","url":"https:\/\/vemori.com\/tienda\/escapes\/","name":"Escapes - Vemori Aislamientos","isPartOf":{"@id":"https:\/\/vemori.com\/#website"},"primaryImageOfPage":{"@id":"https:\/\/vemori.com\/tienda\/escapes\/#primaryimage"},"image":{"@id":"https:\/\/vemori.com\/tienda\/escapes\/#primaryimage"},"thumbnailUrl":"https:\/\/vemori.com\/\/wp-content\/uploads\/2021\/07\/56-1.png","datePublished":"2021-07-14T20:54:31+00:00","dateModified":"2025-07-08T18:55:36+00:00","description":"\"Optimiza el rendimiento de tus motores di\u00e9sel con nuestro aislamiento t\u00e9rmico removible para sistemas de escape: ahorro de combustible, reducci\u00f3n de emisiones y protecci\u00f3n duradera en un solo producto.\"","breadcrumb":{"@id":"https:\/\/vemori.com\/tienda\/escapes\/#breadcrumb"},"inLanguage":"en-US","potentialAction":[{"@type":"ReadAction","target":["https:\/\/vemori.com\/tienda\/escapes\/"]}]},{"@type":"ImageObject","inLanguage":"en-US","@id":"https:\/\/vemori.com\/tienda\/escapes\/#primaryimage","url":"https:\/\/vemori.com\/\/wp-content\/uploads\/2021\/07\/56-1.png","contentUrl":"https:\/\/vemori.com\/\/wp-content\/uploads\/2021\/07\/56-1.png","width":1080,"height":1080,"caption":"aislamiento en escape naval"},{"@type":"BreadcrumbList","@id":"https:\/\/vemori.com\/tienda\/escapes\/#breadcrumb","itemListElement":[{"@type":"ListItem","position":1,"name":"Portada","item":"https:\/\/vemori.com\/"},{"@type":"ListItem","position":2,"name":"Tienda","item":"https:\/\/vemori.com\/tienda\/"},{"@type":"ListItem","position":3,"name":"Escapes"}]},{"@type":"WebSite","@id":"https:\/\/vemori.com\/#website","url":"https:\/\/vemori.com\/","name":"Vemori Aislamientos","description":"Especialistas en Aislamientos","publisher":{"@id":"https:\/\/vemori.com\/#organization"},"potentialAction":[{"@type":"SearchAction","target":{"@type":"EntryPoint","urlTemplate":"https:\/\/vemori.com\/?s={search_term_string}"},"query-input":{"@type":"PropertyValueSpecification","valueRequired":true,"valueName":"search_term_string"}}],"inLanguage":"en-US"},{"@type":"Organization","@id":"https:\/\/vemori.com\/#organization","name":"Vemori Aislamientos","url":"https:\/\/vemori.com\/","logo":{"@type":"ImageObject","inLanguage":"en-US","@id":"https:\/\/vemori.com\/#\/schema\/logo\/image\/","url":"https:\/\/vemori.com\/\/wp-content\/uploads\/2023\/06\/logo_vemori-color.png","contentUrl":"https:\/\/vemori.com\/\/wp-content\/uploads\/2023\/06\/logo_vemori-color.png","width":834,"height":244,"caption":"Vemori Aislamientos"},"image":{"@id":"https:\/\/vemori.com\/#\/schema\/logo\/image\/"}}]}},"aioseo_notices":[],"_links":{"self":[{"href":"https:\/\/vemori.com\/en\/wp-json\/wp\/v2\/product\/715","targetHints":{"allow":["GET"]}}],"collection":[{"href":"https:\/\/vemori.com\/en\/wp-json\/wp\/v2\/product"}],"about":[{"href":"https:\/\/vemori.com\/en\/wp-json\/wp\/v2\/types\/product"}],"wp:featuredmedia":[{"embeddable":true,"href":"https:\/\/vemori.com\/en\/wp-json\/wp\/v2\/media\/2793"}],"wp:attachment":[{"href":"https:\/\/vemori.com\/en\/wp-json\/wp\/v2\/media?parent=715"}],"wp:term":[{"taxonomy":"product_brand","embeddable":true,"href":"https:\/\/vemori.com\/en\/wp-json\/wp\/v2\/product_brand?post=715"},{"taxonomy":"product_cat","embeddable":true,"href":"https:\/\/vemori.com\/en\/wp-json\/wp\/v2\/product_cat?post=715"},{"taxonomy":"product_tag","embeddable":true,"href":"https:\/\/vemori.com\/en\/wp-json\/wp\/v2\/product_tag?post=715"}],"curies":[{"name":"wp","href":"https:\/\/api.w.org\/{rel}","templated":true}]}}